{"id":355,"date":"2026-02-09T10:14:49","date_gmt":"2026-02-09T13:14:49","guid":{"rendered":"https:\/\/agenciad7digital.com.br\/gmais\/?page_id=355"},"modified":"2026-02-10T17:32:57","modified_gmt":"2026-02-10T20:32:57","slug":"instalacoes-e-dimensionamento","status":"publish","type":"page","link":"https:\/\/agenciad7digital.com.br\/gmais\/instalacoes-e-dimensionamento\/","title":{"rendered":"Instala\u00e7\u00f5es e Dimensionamento"},"content":{"rendered":"\t\t<div data-elementor-type=\"wp-page\" data-elementor-id=\"355\" class=\"elementor elementor-355\" data-elementor-post-type=\"page\">\n\t\t\t\t<div class=\"elementor-element elementor-element-cf5869c e-flex e-con-boxed e-con e-parent\" data-id=\"cf5869c\" data-element_type=\"container\" data-e-type=\"container\" data-settings=\"{&quot;background_background&quot;:&quot;classic&quot;}\">\n\t\t\t\t\t<div class=\"e-con-inner\">\n\t\t<div class=\"elementor-element elementor-element-447bb0c e-con-full animated-slow e-flex elementor-invisible e-con e-child\" data-id=\"447bb0c\" data-element_type=\"container\" data-e-type=\"container\" data-settings=\"{&quot;animation&quot;:&quot;fadeInLeft&quot;}\">\n\t\t\t\t<div class=\"elementor-element elementor-element-9c6796b elementor-widget elementor-widget-heading\" data-id=\"9c6796b\" data-element_type=\"widget\" data-e-type=\"widget\" data-widget_type=\"heading.default\">\n\t\t\t\t\t<p class=\"elementor-heading-title elementor-size-default\">SERVI\u00c7OS<\/p>\t\t\t\t<\/div>\n\t\t\t\t<div class=\"elementor-element elementor-element-2c7e6b9 elementor-widget elementor-widget-heading\" data-id=\"2c7e6b9\" data-element_type=\"widget\" data-e-type=\"widget\" data-widget_type=\"heading.default\">\n\t\t\t\t\t<h1 class=\"elementor-heading-title elementor-size-default\">Instala\u00e7\u00f5es e Dimensionamento<\/h1>\t\t\t\t<\/div>\n\t\t\t\t<\/div>\n\t\t\t\t\t<\/div>\n\t\t\t\t<\/div>\n\t\t<div class=\"elementor-element elementor-element-07a2a2f e-flex e-con-boxed e-con e-parent\" data-id=\"07a2a2f\" data-element_type=\"container\" data-e-type=\"container\" data-settings=\"{&quot;background_background&quot;:&quot;classic&quot;}\">\n\t\t\t\t\t<div class=\"e-con-inner\">\n\t\t<div class=\"elementor-element elementor-element-84b0c01 e-con-full animated-slow e-flex elementor-invisible e-con e-child\" data-id=\"84b0c01\" data-element_type=\"container\" data-e-type=\"container\" data-settings=\"{&quot;animation&quot;:&quot;fadeInRight&quot;}\">\n\t\t\t\t<div class=\"elementor-element elementor-element-bc5abdf elementor-widget elementor-widget-image\" data-id=\"bc5abdf\" data-element_type=\"widget\" data-e-type=\"widget\" data-widget_type=\"image.default\">\n\t\t\t\t\t\t\t\t\t\t\t\t\t\t\t<img fetchpriority=\"high\" decoding=\"async\" width=\"736\" height=\"528\" src=\"https:\/\/agenciad7digital.com.br\/gmais\/wp-content\/uploads\/2026\/02\/contrato-de-manutencao.webp\" class=\"attachment-large size-large wp-image-343\" alt=\"\" srcset=\"https:\/\/agenciad7digital.com.br\/gmais\/wp-content\/uploads\/2026\/02\/contrato-de-manutencao.webp 736w, https:\/\/agenciad7digital.com.br\/gmais\/wp-content\/uploads\/2026\/02\/contrato-de-manutencao-300x215.webp 300w\" sizes=\"(max-width: 736px) 100vw, 736px\" \/>\t\t\t\t\t\t\t\t\t\t\t\t\t\t\t<\/div>\n\t\t\t\t<\/div>\n\t\t<div class=\"elementor-element elementor-element-5328ce0 e-con-full animated-slow e-flex elementor-invisible e-con e-child\" data-id=\"5328ce0\" data-element_type=\"container\" data-e-type=\"container\" data-settings=\"{&quot;animation&quot;:&quot;fadeInLeft&quot;}\">\n\t\t\t\t<div class=\"elementor-element elementor-element-9fa9544 elementor-widget elementor-widget-heading\" data-id=\"9fa9544\" data-element_type=\"widget\" data-e-type=\"widget\" data-widget_type=\"heading.default\">\n\t\t\t\t\t<h2 class=\"elementor-heading-title elementor-size-default\">Sobre<\/h2>\t\t\t\t<\/div>\n\t\t\t\t<div class=\"elementor-element elementor-element-810eae4 elementor-widget__width-initial elementor-widget-mobile__width-inherit elementor-widget elementor-widget-text-editor\" data-id=\"810eae4\" data-element_type=\"widget\" data-e-type=\"widget\" data-widget_type=\"text-editor.default\">\n\t\t\t\t\t\t\t\t\t<p>Fornecemos solu\u00e7\u00f5es em servi\u00e7os e produtos que aliam economia, conforto e alta performance no fornecimento de energia aos diversos seguimentos de mercado.<\/p><p>Customizar os projetos de instala\u00e7\u00e3o, buscando a economia de tempo e materiais.<\/p>\t\t\t\t\t\t\t\t<\/div>\n\t\t\t\t<\/div>\n\t\t<div class=\"elementor-element elementor-element-5b23d49 e-con-full animated-slow e-flex elementor-invisible e-con e-child\" data-id=\"5b23d49\" data-element_type=\"container\" data-e-type=\"container\" data-settings=\"{&quot;animation&quot;:&quot;fadeInLeft&quot;}\">\n\t\t\t\t<div class=\"elementor-element elementor-element-9716ef0 elementor-widget__width-initial elementor-widget-mobile__width-inherit elementor-widget elementor-widget-text-editor\" data-id=\"9716ef0\" data-element_type=\"widget\" data-e-type=\"widget\" data-widget_type=\"text-editor.default\">\n\t\t\t\t\t\t\t\t\t<p>O dimensionamento e estudo de viabilidade \u00e9 essencial \u00e0 empreendimentos que necessitem de fornecimento de energia ininterrupta.<\/p><p>\u00a0<\/p><p>Consultoria atuante, com experi\u00eancia para indicar a melhor solu\u00e7\u00e3o viabilizando os equipamentos mais adequados para sua opera\u00e7\u00e3o.<\/p>\t\t\t\t\t\t\t\t<\/div>\n\t\t\t\t<\/div>\n\t\t\t\t\t<\/div>\n\t\t\t\t<\/div>\n\t\t<div class=\"elementor-element elementor-element-49fd664 e-flex e-con-boxed e-con e-parent\" data-id=\"49fd664\" data-element_type=\"container\" data-e-type=\"container\" data-settings=\"{&quot;background_background&quot;:&quot;gradient&quot;}\">\n\t\t\t\t\t<div class=\"e-con-inner\">\n\t\t<div class=\"elementor-element elementor-element-1f720af e-con-full e-flex e-con e-child\" data-id=\"1f720af\" data-element_type=\"container\" data-e-type=\"container\">\n\t\t\t\t<div class=\"elementor-element elementor-element-e1d09b0 elementor-widget elementor-widget-heading\" data-id=\"e1d09b0\" data-element_type=\"widget\" data-e-type=\"widget\" data-widget_type=\"heading.default\">\n\t\t\t\t\t<h1 class=\"elementor-heading-title elementor-size-default\">Vantagens<\/h1>\t\t\t\t<\/div>\n\t\t\t\t<\/div>\n\t\t<div class=\"elementor-element elementor-element-6b51eaa e-con-full e-flex e-con e-child\" data-id=\"6b51eaa\" data-element_type=\"container\" data-e-type=\"container\">\n\t\t<div class=\"elementor-element elementor-element-e3064d9 e-con-full e-flex e-con e-child\" data-id=\"e3064d9\" data-element_type=\"container\" data-e-type=\"container\">\n\t\t\t\t<div class=\"elementor-element elementor-element-a459b76 elementor-view-stacked elementor-shape-circle elementor-widget elementor-widget-icon\" data-id=\"a459b76\" data-element_type=\"widget\" data-e-type=\"widget\" data-widget_type=\"icon.default\">\n\t\t\t\t\t\t\t<div class=\"elementor-icon-wrapper\">\n\t\t\t<div class=\"elementor-icon\">\n\t\t\t<svg aria-hidden=\"true\" class=\"e-font-icon-svg e-far-check-circle\" viewBox=\"0 0 512 512\" xmlns=\"http:\/\/www.w3.org\/2000\/svg\"><path d=\"M256 8C119.033 8 8 119.033 8 256s111.033 248 248 248 248-111.033 248-248S392.967 8 256 8zm0 48c110.532 0 200 89.451 200 200 0 110.532-89.451 200-200 200-110.532 0-200-89.451-200-200 0-110.532 89.451-200 200-200m140.204 130.267l-22.536-22.718c-4.667-4.705-12.265-4.736-16.97-.068L215.346 303.697l-59.792-60.277c-4.667-4.705-12.265-4.736-16.97-.069l-22.719 22.536c-4.705 4.667-4.736 12.265-.068 16.971l90.781 91.516c4.667 4.705 12.265 4.736 16.97.068l172.589-171.204c4.704-4.668 4.734-12.266.067-16.971z\"><\/path><\/svg>\t\t\t<\/div>\n\t\t<\/div>\n\t\t\t\t\t\t<\/div>\n\t\t\t\t<div class=\"elementor-element elementor-element-bae2002 elementor-widget__width-initial elementor-widget-mobile__width-inherit elementor-widget elementor-widget-text-editor\" data-id=\"bae2002\" data-element_type=\"widget\" data-e-type=\"widget\" data-widget_type=\"text-editor.default\">\n\t\t\t\t\t\t\t\t\t<p>Atua\u00e7\u00e3o exclusiva e dedicada, com foco total na opera\u00e7\u00e3o, manuten\u00e7\u00e3o e desempenho dos equipamentos atendidos.<\/p>\t\t\t\t\t\t\t\t<\/div>\n\t\t\t\t<\/div>\n\t\t<div class=\"elementor-element elementor-element-62a377a e-con-full e-flex e-con e-child\" data-id=\"62a377a\" data-element_type=\"container\" data-e-type=\"container\">\n\t\t\t\t<div class=\"elementor-element elementor-element-b893dea elementor-view-stacked elementor-shape-circle elementor-widget elementor-widget-icon\" data-id=\"b893dea\" data-element_type=\"widget\" data-e-type=\"widget\" data-widget_type=\"icon.default\">\n\t\t\t\t\t\t\t<div class=\"elementor-icon-wrapper\">\n\t\t\t<div class=\"elementor-icon\">\n\t\t\t<svg aria-hidden=\"true\" class=\"e-font-icon-svg e-far-check-circle\" viewBox=\"0 0 512 512\" xmlns=\"http:\/\/www.w3.org\/2000\/svg\"><path d=\"M256 8C119.033 8 8 119.033 8 256s111.033 248 248 248 248-111.033 248-248S392.967 8 256 8zm0 48c110.532 0 200 89.451 200 200 0 110.532-89.451 200-200 200-110.532 0-200-89.451-200-200 0-110.532 89.451-200 200-200m140.204 130.267l-22.536-22.718c-4.667-4.705-12.265-4.736-16.97-.068L215.346 303.697l-59.792-60.277c-4.667-4.705-12.265-4.736-16.97-.069l-22.719 22.536c-4.705 4.667-4.736 12.265-.068 16.971l90.781 91.516c4.667 4.705 12.265 4.736 16.97.068l172.589-171.204c4.704-4.668 4.734-12.266.067-16.971z\"><\/path><\/svg>\t\t\t<\/div>\n\t\t<\/div>\n\t\t\t\t\t\t<\/div>\n\t\t\t\t<div class=\"elementor-element elementor-element-8dc5bf2 elementor-widget__width-initial elementor-widget-mobile__width-inherit elementor-widget elementor-widget-text-editor\" data-id=\"8dc5bf2\" data-element_type=\"widget\" data-e-type=\"widget\" data-widget_type=\"text-editor.default\">\n\t\t\t\t\t\t\t\t\t<p>Atendimento personalizado, considerando as necessidades espec\u00edficas de cada cliente e de cada aplica\u00e7\u00e3o.<\/p>\t\t\t\t\t\t\t\t<\/div>\n\t\t\t\t<\/div>\n\t\t<div class=\"elementor-element elementor-element-350bce2 e-con-full e-flex e-con e-child\" data-id=\"350bce2\" data-element_type=\"container\" data-e-type=\"container\">\n\t\t\t\t<div class=\"elementor-element elementor-element-8eb041f elementor-view-stacked elementor-shape-circle elementor-widget elementor-widget-icon\" data-id=\"8eb041f\" data-element_type=\"widget\" data-e-type=\"widget\" data-widget_type=\"icon.default\">\n\t\t\t\t\t\t\t<div class=\"elementor-icon-wrapper\">\n\t\t\t<div class=\"elementor-icon\">\n\t\t\t<svg aria-hidden=\"true\" class=\"e-font-icon-svg e-far-check-circle\" viewBox=\"0 0 512 512\" xmlns=\"http:\/\/www.w3.org\/2000\/svg\"><path d=\"M256 8C119.033 8 8 119.033 8 256s111.033 248 248 248 248-111.033 248-248S392.967 8 256 8zm0 48c110.532 0 200 89.451 200 200 0 110.532-89.451 200-200 200-110.532 0-200-89.451-200-200 0-110.532 89.451-200 200-200m140.204 130.267l-22.536-22.718c-4.667-4.705-12.265-4.736-16.97-.068L215.346 303.697l-59.792-60.277c-4.667-4.705-12.265-4.736-16.97-.069l-22.719 22.536c-4.705 4.667-4.736 12.265-.068 16.971l90.781 91.516c4.667 4.705 12.265 4.736 16.97.068l172.589-171.204c4.704-4.668 4.734-12.266.067-16.971z\"><\/path><\/svg>\t\t\t<\/div>\n\t\t<\/div>\n\t\t\t\t\t\t<\/div>\n\t\t\t\t<div class=\"elementor-element elementor-element-48db23e elementor-widget__width-initial elementor-widget-mobile__width-inherit elementor-widget elementor-widget-text-editor\" data-id=\"48db23e\" data-element_type=\"widget\" data-e-type=\"widget\" data-widget_type=\"text-editor.default\">\n\t\t\t\t\t\t\t\t\t<p>Trabalho com produtos multimarcas, garantindo independ\u00eancia t\u00e9cnica e liberdade para indicar a melhor solu\u00e7\u00e3o.<\/p>\t\t\t\t\t\t\t\t<\/div>\n\t\t\t\t<\/div>\n\t\t<div class=\"elementor-element elementor-element-20c9a44 e-con-full e-flex e-con e-child\" data-id=\"20c9a44\" data-element_type=\"container\" data-e-type=\"container\">\n\t\t\t\t<div class=\"elementor-element elementor-element-7cc00ac elementor-view-stacked elementor-shape-circle elementor-widget elementor-widget-icon\" data-id=\"7cc00ac\" data-element_type=\"widget\" data-e-type=\"widget\" data-widget_type=\"icon.default\">\n\t\t\t\t\t\t\t<div class=\"elementor-icon-wrapper\">\n\t\t\t<div class=\"elementor-icon\">\n\t\t\t<svg aria-hidden=\"true\" class=\"e-font-icon-svg e-far-check-circle\" viewBox=\"0 0 512 512\" xmlns=\"http:\/\/www.w3.org\/2000\/svg\"><path d=\"M256 8C119.033 8 8 119.033 8 256s111.033 248 248 248 248-111.033 248-248S392.967 8 256 8zm0 48c110.532 0 200 89.451 200 200 0 110.532-89.451 200-200 200-110.532 0-200-89.451-200-200 0-110.532 89.451-200 200-200m140.204 130.267l-22.536-22.718c-4.667-4.705-12.265-4.736-16.97-.068L215.346 303.697l-59.792-60.277c-4.667-4.705-12.265-4.736-16.97-.069l-22.719 22.536c-4.705 4.667-4.736 12.265-.068 16.971l90.781 91.516c4.667 4.705 12.265 4.736 16.97.068l172.589-171.204c4.704-4.668 4.734-12.266.067-16.971z\"><\/path><\/svg>\t\t\t<\/div>\n\t\t<\/div>\n\t\t\t\t\t\t<\/div>\n\t\t\t\t<div class=\"elementor-element elementor-element-3f386c1 elementor-widget__width-initial elementor-widget-mobile__width-inherit elementor-widget elementor-widget-text-editor\" data-id=\"3f386c1\" data-element_type=\"widget\" data-e-type=\"widget\" data-widget_type=\"text-editor.default\">\n\t\t\t\t\t\t\t\t\t<p>Experi\u00eancia com equipamentos de diferentes pot\u00eancias e configura\u00e7\u00f5es, atendendo desde aplica\u00e7\u00f5es simples at\u00e9 opera\u00e7\u00f5es de maior complexidade.<\/p>\t\t\t\t\t\t\t\t<\/div>\n\t\t\t\t<\/div>\n\t\t\t\t<\/div>\n\t\t\t\t\t<\/div>\n\t\t\t\t<\/div>\n\t\t<div class=\"elementor-element elementor-element-7bf0b04 e-flex e-con-boxed e-con e-parent\" data-id=\"7bf0b04\" data-element_type=\"container\" data-e-type=\"container\" data-settings=\"{&quot;background_background&quot;:&quot;classic&quot;}\">\n\t\t\t\t\t<div class=\"e-con-inner\">\n\t\t<div class=\"elementor-element elementor-element-c81fd30 e-con-full animated-slow e-flex elementor-invisible e-con e-child\" data-id=\"c81fd30\" data-element_type=\"container\" data-e-type=\"container\" data-settings=\"{&quot;animation&quot;:&quot;fadeInLeft&quot;}\">\n\t\t<div class=\"elementor-element elementor-element-ac9a0ab e-flex e-con-boxed e-con e-child\" data-id=\"ac9a0ab\" data-element_type=\"container\" data-e-type=\"container\">\n\t\t\t\t\t<div class=\"e-con-inner\">\n\t\t\t\t\t<\/div>\n\t\t\t\t<\/div>\n\t\t\t\t<div class=\"elementor-element elementor-element-82fa562 elementor-widget__width-initial elementor-widget elementor-widget-image-box\" data-id=\"82fa562\" data-element_type=\"widget\" data-e-type=\"widget\" data-widget_type=\"image-box.default\">\n\t\t\t\t\t<div class=\"elementor-image-box-wrapper\"><div class=\"elementor-image-box-content\"><h3 class=\"elementor-image-box-title\">Precisa de energia confi\u00e1vel agora?<\/h3><p class=\"elementor-image-box-description\">Fale com nossa equipe e receba uma proposta r\u00e1pida, clara e adequada \u00e0 sua necessidade.<\/p><\/div><\/div>\t\t\t\t<\/div>\n\t\t<div class=\"elementor-element elementor-element-c06c5cf e-flex e-con-boxed e-con e-child\" data-id=\"c06c5cf\" data-element_type=\"container\" data-e-type=\"container\">\n\t\t\t\t\t<div class=\"e-con-inner\">\n\t\t\t\t<div class=\"elementor-element elementor-element-994963f elementor-widget-mobile__width-inherit elementor-widget elementor-widget-html\" data-id=\"994963f\" data-element_type=\"widget\" data-e-type=\"widget\" data-widget_type=\"html.default\">\n\t\t\t\t\t<!-- Importar fonte Inter Tight -->\r\n<link href=\"https:\/\/fonts.googleapis.com\/css2?family=Inter+Tight:wght@300;400;500;600;700&display=swap\" rel=\"stylesheet\">\r\n\r\n<a href=\"LINK AQUI\" style=\"text-decoration:none;\"> \r\n    <div class=\"bttn-father02\"> \r\n        <span>ENTRE EM CONTATO<\/span> \r\n        <div class=\"bttn-child\"> \r\n            <svg xmlns=\"http:\/\/www.w3.org\/2000\/svg\" height=\"32px\" viewBox=\"0 -960 960 960\" width=\"32px\" fill=\"#F2F2F2\"> \r\n                <path d=\"M630-444H192v-72h438L429-717l51-51 288 288-288 288-51-51 201-201Z\"\/> \r\n            <\/svg> \r\n        <\/div> \r\n    <\/div> \r\n<\/a>\r\n\r\n<style> \r\n    .bttn-father02 { \r\n        width: 320px; \r\n        height: 60px; \r\n        border: 0; \r\n        border-radius: 15px; \r\n        display: flex; \r\n        align-items: center; \r\n        justify-content: space-between; \r\n        background-color: #CCC; \r\n        padding: 10px 20px; \r\n        position: relative; \r\n        transition: all 0.6s ease-in-out; \r\n        color: #4B1013; \r\n        font-family: 'montserrat', sans-serif; \r\n        font-size: 16px; \r\n        font-weight: 600; \r\n        cursor: pointer; \r\n        overflow: hidden; \r\n    } \r\n \r\n    .bttn-child { \r\n        width: 20%; \r\n        height: calc(100% - 20px); \r\n        display: flex; \r\n        align-items: center; \r\n        justify-content: center; \r\n        background: #4B1013;\r\n        border-radius: 10px; \r\n        transition: all 0.6s ease-in-out; \r\n        position: absolute; \r\n        right: 10px; \r\n    } \r\n \r\n    .bttn-father02:hover .bttn-child { \r\n        width: calc(100% - 20px); \r\n        border-radius: 10px; \r\n        right: 10px; \r\n    } \r\n \r\n    .bttn-father02:hover span { \r\n        color: transparent; \r\n        transition: color 0.3s ease-in-out; \r\n    } \r\n \r\n    .bttn-child svg { \r\n        transform: rotate(315deg); \r\n        transition: all 0.6s ease-in-out; \r\n    } \r\n \r\n    @media (max-width: 480px) { \r\n        .bttn-father02 { \r\n            width: 90%; \r\n            height: 50px; \r\n            font-size: 14px; \r\n            padding: 8px 16px; \r\n        } \r\n \r\n        .bttn-child { \r\n            height: calc(100% - 16px); \r\n            right: 8px; \r\n        } \r\n \r\n        .bttn-child svg { \r\n            width: 24px; \r\n            height: 24px; \r\n        } \r\n    } \r\n<\/style>\r\n\t\t\t\t<\/div>\n\t\t\t\t\t<\/div>\n\t\t\t\t<\/div>\n\t\t\t\t<\/div>\n\t\t<div class=\"elementor-element elementor-element-3c0d30d e-con-full animated-slow e-flex elementor-invisible e-con e-child\" data-id=\"3c0d30d\" data-element_type=\"container\" data-e-type=\"container\" data-settings=\"{&quot;background_background&quot;:&quot;classic&quot;,&quot;animation&quot;:&quot;fadeInRight&quot;}\">\n\t\t\t\t<div class=\"elementor-element elementor-element-9ccb6cb elementor-widget__width-inherit elementor-widget elementor-widget-heading\" data-id=\"9ccb6cb\" data-element_type=\"widget\" data-e-type=\"widget\" data-widget_type=\"heading.default\">\n\t\t\t\t\t<h2 class=\"elementor-heading-title elementor-size-default\">Preencha os dados abaixo e receba um or\u00e7amento r\u00e1pido!<\/h2>\t\t\t\t<\/div>\n\t\t\t\t<div class=\"elementor-element elementor-element-e6a3e74 elementor-widget__width-inherit orcamento elementor-button-align-stretch elementor-widget elementor-widget-form\" data-id=\"e6a3e74\" data-element_type=\"widget\" data-e-type=\"widget\" data-settings=\"{&quot;step_next_label&quot;:&quot;Next&quot;,&quot;step_previous_label&quot;:&quot;Previous&quot;,&quot;button_width&quot;:&quot;100&quot;,&quot;step_type&quot;:&quot;number_text&quot;,&quot;step_icon_shape&quot;:&quot;circle&quot;}\" data-widget_type=\"form.default\">\n\t\t\t\t\t\t\t<form class=\"elementor-form\" method=\"post\" name=\"New Form\" aria-label=\"New Form\">\n\t\t\t<input type=\"hidden\" name=\"post_id\" value=\"355\"\/>\n\t\t\t<input type=\"hidden\" name=\"form_id\" value=\"e6a3e74\"\/>\n\t\t\t<input type=\"hidden\" name=\"referer_title\" value=\"Instala\u00e7\u00f5es e Dimensionamento\" \/>\n\n\t\t\t\t\t\t\t<input type=\"hidden\" name=\"queried_id\" value=\"355\"\/>\n\t\t\t\n\t\t\t<div class=\"elementor-form-fields-wrapper elementor-labels-above\">\n\t\t\t\t\t\t\t\t<div class=\"elementor-field-type-text elementor-field-group elementor-column elementor-field-group-name elementor-col-100\">\n\t\t\t\t\t\t\t\t\t\t\t\t\t<input size=\"1\" type=\"text\" name=\"form_fields[name]\" id=\"form-field-name\" class=\"elementor-field elementor-size-md  elementor-field-textual\" placeholder=\"Nome\">\n\t\t\t\t\t\t\t\t\t\t\t<\/div>\n\t\t\t\t\t\t\t\t<div class=\"elementor-field-type-email elementor-field-group elementor-column elementor-field-group-email elementor-col-100 elementor-field-required\">\n\t\t\t\t\t\t\t\t\t\t\t\t\t<input size=\"1\" type=\"email\" name=\"form_fields[email]\" id=\"form-field-email\" class=\"elementor-field elementor-size-md  elementor-field-textual\" placeholder=\"Email\" required=\"required\">\n\t\t\t\t\t\t\t\t\t\t\t<\/div>\n\t\t\t\t\t\t\t\t<div class=\"elementor-field-type-textarea elementor-field-group elementor-column elementor-field-group-message elementor-col-100\">\n\t\t\t\t\t<textarea class=\"elementor-field-textual elementor-field  elementor-size-md\" name=\"form_fields[message]\" id=\"form-field-message\" rows=\"4\" placeholder=\"Mensagem\"><\/textarea>\t\t\t\t<\/div>\n\t\t\t\t\t\t\t\t<div class=\"elementor-field-group elementor-column elementor-field-type-submit elementor-col-100 e-form__buttons\">\n\t\t\t\t\t<button class=\"elementor-button elementor-size-lg\" type=\"submit\">\n\t\t\t\t\t\t<span class=\"elementor-button-content-wrapper\">\n\t\t\t\t\t\t\t\t\t\t\t\t\t\t\t<span class=\"elementor-button-icon\">\n\t\t\t\t\t\t\t\t\t<svg aria-hidden=\"true\" class=\"e-font-icon-svg e-fas-arrow-right\" viewBox=\"0 0 448 512\" xmlns=\"http:\/\/www.w3.org\/2000\/svg\"><path d=\"M190.5 66.9l22.2-22.2c9.4-9.4 24.6-9.4 33.9 0L441 239c9.4 9.4 9.4 24.6 0 33.9L246.6 467.3c-9.4 9.4-24.6 9.4-33.9 0l-22.2-22.2c-9.5-9.5-9.3-25 .4-34.3L311.4 296H24c-13.3 0-24-10.7-24-24v-32c0-13.3 10.7-24 24-24h287.4L190.9 101.2c-9.8-9.3-10-24.8-.4-34.3z\"><\/path><\/svg>\t\t\t\t\t\t\t\t\t\t\t\t\t\t\t\t\t<\/span>\n\t\t\t\t\t\t\t\t\t\t\t\t\t\t\t\t\t\t\t\t\t\t<span class=\"elementor-button-text\">Receber Or\u00e7amento<\/span>\n\t\t\t\t\t\t\t\t\t\t\t\t\t<\/span>\n\t\t\t\t\t<\/button>\n\t\t\t\t<\/div>\n\t\t\t<\/div>\n\t\t<\/form>\n\t\t\t\t\t\t<\/div>\n\t\t\t\t<\/div>\n\t\t\t\t\t<\/div>\n\t\t\t\t<\/div>\n\t\t\t\t<\/div>\n\t\t","protected":false},"excerpt":{"rendered":"<p>SERVI\u00c7OS Instala\u00e7\u00f5es e Dimensionamento Sobre Fornecemos solu\u00e7\u00f5es em servi\u00e7os e produtos que aliam economia, conforto e alta performance no fornecimento de energia aos diversos seguimentos de mercado. Customizar os projetos de instala\u00e7\u00e3o, buscando a economia de tempo e materiais. O dimensionamento e estudo de viabilidade \u00e9 essencial \u00e0 empreendimentos que necessitem de fornecimento de energia [&hellip;]<\/p>\n","protected":false},"author":1,"featured_media":0,"parent":0,"menu_order":0,"comment_status":"closed","ping_status":"closed","template":"","meta":{"footnotes":""},"class_list":["post-355","page","type-page","status-publish","hentry"],"_links":{"self":[{"href":"https:\/\/agenciad7digital.com.br\/gmais\/wp-json\/wp\/v2\/pages\/355","targetHints":{"allow":["GET"]}}],"collection":[{"href":"https:\/\/agenciad7digital.com.br\/gmais\/wp-json\/wp\/v2\/pages"}],"about":[{"href":"https:\/\/agenciad7digital.com.br\/gmais\/wp-json\/wp\/v2\/types\/page"}],"author":[{"embeddable":true,"href":"https:\/\/agenciad7digital.com.br\/gmais\/wp-json\/wp\/v2\/users\/1"}],"replies":[{"embeddable":true,"href":"https:\/\/agenciad7digital.com.br\/gmais\/wp-json\/wp\/v2\/comments?post=355"}],"version-history":[{"count":10,"href":"https:\/\/agenciad7digital.com.br\/gmais\/wp-json\/wp\/v2\/pages\/355\/revisions"}],"predecessor-version":[{"id":437,"href":"https:\/\/agenciad7digital.com.br\/gmais\/wp-json\/wp\/v2\/pages\/355\/revisions\/437"}],"wp:attachment":[{"href":"https:\/\/agenciad7digital.com.br\/gmais\/wp-json\/wp\/v2\/media?parent=355"}],"curies":[{"name":"wp","href":"https:\/\/api.w.org\/{rel}","templated":true}]}}